{"id":350,"date":"2017-08-30T16:33:19","date_gmt":"2017-08-30T14:33:19","guid":{"rendered":"http:\/\/heilpraxis-hornschuh.de\/?page_id=350"},"modified":"2026-02-24T20:20:29","modified_gmt":"2026-02-24T19:20:29","slug":"zusammenarbeit","status":"publish","type":"page","link":"https:\/\/heilpraxis-hornschuh.de\/en\/home\/zusammenarbeit\/","title":{"rendered":"For you"},"content":{"rendered":"<p><span style=\"color: #ffcc00;\">\u201eIch m\u00f6chte, dass Du mich erst kennenlernst \u2013 bevor Du Dich entscheidest. H\u00f6r rein. Mach mit. Sp\u00fcr nach.&#8221;<\/span><\/p>\n<p>&#8220;Entdecke Deine liebevolle innere Mutterfigur&#8221; Du f\u00fchlst Dich beh\u00fctet und f\u00fcrsorglich willkommen gehei\u00dfen. <a href=\"https:\/\/katja-hornschuh.kit.com\/aab3f0126a\">H\u00f6r rein und genie\u00dfe.<\/a><\/p>\n<p>&#8220;Einsamkeit \u00fcberwinden&#8221; Es braucht weit mehr, als den guten Rat: geh mehr unter Leute. Finde heraus, was es braucht. <a href=\"https:\/\/katja-hornschuh.kit.com\/a780df032a\">Komm mit, hier entlang.<\/a><\/p>\n<p>Hat Dich die Neugier gepackt? Dann komme zu meinen <a href=\"https:\/\/www.youtube.com\/@KatjaHornschuh\">Youtube Kanal<\/a> f\u00fcr noch mehr tieff\u00fchliges Erleben.<\/p>\n<p>Du kannst regelm\u00e4\u00dfig an meinen kostenfreien live Webinaren teilnehmen.<\/p>\n<p>Wann und zu welchem Thema ein live Webinar stattfindet, siehst Du <a href=\"https:\/\/heilpraxis-hornschuh.de\/\">auf der Startseite<\/a> oder Du erf\u00e4hrst alles dar\u00fcber in meinem Newsletter.<\/p>\n<p><a href=\"https:\/\/katja-hornschuh.kit.com\/5f30bfa354\">Trage Dich HIER kostenfrei in meinem Newsletter ein<\/a> f\u00fcr live Webinare, genie\u00dfe wertvolle Impulse und innere Reisen zu Dir selbst, die etwas ungeahntes in Dir \u00f6ffnen.<\/p>\n","protected":false},"excerpt":{"rendered":"<p>\u201eIch m\u00f6chte, dass Du mich erst kennenlernst \u2013 bevor Du Dich entscheidest. H\u00f6r rein. Mach mit. Sp\u00fcr nach.&#8221; &#8220;Entdecke Deine liebevolle innere Mutterfigur&#8221; Du f\u00fchlst Dich beh\u00fctet und f\u00fcrsorglich willkommen gehei\u00dfen. H\u00f6r rein und genie\u00dfe. &#8220;Einsamkeit \u00fcberwinden&#8221; Es braucht weit<\/p>\n","protected":false},"author":1,"featured_media":0,"parent":64,"menu_order":0,"comment_status":"closed","ping_status":"closed","template":"","meta":{"_custom_body_class":"","_custom_post_class":"","footnotes":""},"class_list":["post-350","page","type-page","status-publish","hentry"],"_links":{"self":[{"href":"https:\/\/heilpraxis-hornschuh.de\/en\/wp-json\/wp\/v2\/pages\/350","targetHints":{"allow":["GET"]}}],"collection":[{"href":"https:\/\/heilpraxis-hornschuh.de\/en\/wp-json\/wp\/v2\/pages"}],"about":[{"href":"https:\/\/heilpraxis-hornschuh.de\/en\/wp-json\/wp\/v2\/types\/page"}],"author":[{"embeddable":true,"href":"https:\/\/heilpraxis-hornschuh.de\/en\/wp-json\/wp\/v2\/users\/1"}],"replies":[{"embeddable":true,"href":"https:\/\/heilpraxis-hornschuh.de\/en\/wp-json\/wp\/v2\/comments?post=350"}],"version-history":[{"count":36,"href":"https:\/\/heilpraxis-hornschuh.de\/en\/wp-json\/wp\/v2\/pages\/350\/revisions"}],"predecessor-version":[{"id":1337,"href":"https:\/\/heilpraxis-hornschuh.de\/en\/wp-json\/wp\/v2\/pages\/350\/revisions\/1337"}],"up":[{"embeddable":true,"href":"https:\/\/heilpraxis-hornschuh.de\/en\/wp-json\/wp\/v2\/pages\/64"}],"wp:attachment":[{"href":"https:\/\/heilpraxis-hornschuh.de\/en\/wp-json\/wp\/v2\/media?parent=350"}],"curies":[{"name":"wp","href":"https:\/\/api.w.org\/{rel}","templated":true}]}}